{"id":5850,"date":"2020-10-15T11:46:01","date_gmt":"2020-10-15T11:46:01","guid":{"rendered":"http:\/\/www.midstreamlighting.com\/?page_id=5850"},"modified":"2020-10-15T11:46:01","modified_gmt":"2020-10-15T11:46:01","slug":"privacy-policy","status":"publish","type":"page","link":"https:\/\/www.midstreamlighting.com\/es\/privacy-policy\/","title":{"rendered":"Privacy Policy"},"content":{"rendered":"<p>[vc_row full_width=\u00bbstretch_row_content\u00bb el_class=\u00bbinner_hero-banner terms-condition-banner tern-new-banner\u00bb][vc_column el_class=\u00bbcontainer\u00bb][vc_row_inner el_class=\u00bbinner_hero_wrap\u00bb][vc_column_inner][vc_custom_heading text=\u00bbMIDSTREAM LIGHTING\u00bb font_container=\u00bbtag:h4|text_align:left\u00bb][vc_custom_heading text=\u00bbPrivacy Policy\u00bb font_container=\u00bbtag:h3|text_align:left\u00bb][\/vc_column_inner][\/vc_row_inner][\/vc_column][\/vc_row][vc_row full_width=\u00bbstretch_row_content\u00bb el_class=\u00bbterms_and_conditions_sale\u00bb][vc_column el_class=\u00bbcontainer\u00bb][vc_row_inner el_class=\u00bbterms_and_conditions_sale_wrap\u00bb][vc_column_inner][vc_column_text]<span style=\"font-weight: 400;\">Su privacidad es de suma importancia para nosotros. Es pol\u00edtica de Midstream Lighting respetar su privacidad con respecto a cualquier informaci\u00f3n que podamos recopilar de usted a trav\u00e9s de nuestro sitio web, <\/span><a href=\"https:\/\/www.midstreamlighting.com\/\"><span style=\"font-weight: 400;\">http:\/\/www.midstreamlighting.com<\/span><\/a><span style=\"font-weight: 400;\">, y otros sitios que poseemos y operamos.<\/span><\/p>\n<p><span style=\"font-weight: 400;\">We only ask for personal information when we truly need it to provide a particular service to you. We collect it by fair and lawful means, and always with your knowledge and consent. We also let you know why we\u2019re collecting it and how it will be used.<\/span><\/p>\n<p><span style=\"font-weight: 400;\">We only retain collected information for as long as necessary to provide you with your requested service. What data we store, we\u2019ll protect within commercially acceptable means to prevent loss and theft, as well as unauthorised access, disclosure, copying, use or modification.<\/span><\/p>\n<p><span style=\"font-weight: 400;\">We don\u2019t share any personally identifying information publicly or with third-parties, except when required to by law.<\/span><\/p>\n<p><span style=\"font-weight: 400;\">Our website may link to external sites that are not operated by us. Please be aware that we have no control over the content and practices of these sites, and cannot accept responsibility or liability for their respective privacy policies.<\/span><\/p>\n<p><span style=\"font-weight: 400;\">You are free to refuse our request for your personal information with the understanding that we may be unable to provide you with some of your desired services.<\/span><\/p>\n<p><span style=\"font-weight: 400;\">Your continued use of our website will be regarded as acceptance of our practices around privacy and personal information.<\/span><\/p>\n<h3><span style=\"font-weight: 400;\">Contact Midstream<\/span><\/h3>\n<p><span style=\"font-weight: 400;\">For more information about our privacy practices, if you have questions, or if you would like to make a complaint, please contact us by:<\/span><\/p>\n<p><span style=\"font-weight: 400;\">Email: <\/span><span style=\"font-weight: 400;\">dpo@midstreamlighting.com<\/span><br \/>\n<span style=\"font-weight: 400;\">Post: Chesham Street, Belgravia, London, LND, SW1X 8ND, United Kingdom<\/span>[\/vc_column_text][\/vc_column_inner][\/vc_row_inner][\/vc_column][\/vc_row]<\/p>\n","protected":false},"excerpt":{"rendered":"<p>[vc_row full_width=\u00bbstretch_row_content\u00bb el_class=\u00bbinner_hero-banner terms-condition-banner tern-new-banner\u00bb][vc_column el_class=\u00bbcontainer\u00bb][vc_row_inner el_class=\u00bbinner_hero_wrap\u00bb][vc_column_inner][vc_custom_heading text=\u00bbMIDSTREAM LIGHTING\u00bb font_container=\u00bbtag:h4|text_align:left\u00bb][vc_custom_heading text=\u00bbPrivacy Policy\u00bb font_container=\u00bbtag:h3|text_align:left\u00bb][\/vc_column_inner][\/vc_row_inner][\/vc_column][\/vc_row][vc_row full_width=\u00bbstretch_row_content\u00bb el_class=\u00bbterms_and_conditions_sale\u00bb][vc_column el_class=\u00bbcontainer\u00bb][vc_row_inner el_class=\u00bbterms_and_conditions_sale_wrap\u00bb][vc_column_inner][vc_column_text]Su privacidad es de suma importancia para nosotros. Es pol\u00edtica de Midstream Lighting respetar su privacidad con respecto a cualquier informaci\u00f3n que podamos recopilar de usted a trav\u00e9s de nuestro sitio web, http:\/\/www.midstreamlighting.com, y otros sitios que poseemos y [&hellip;]<\/p>\n","protected":false},"author":5,"featured_media":0,"parent":0,"menu_order":0,"comment_status":"closed","ping_status":"closed","template":"","meta":{"_acf_changed":false,"footnotes":""},"class_list":["post-5850","page","type-page","status-publish","hentry"],"acf":[],"yoast_head":"<!-- This site is optimized with the Yoast SEO Premium plugin v27.4 (Yoast SEO v27.4) - https:\/\/yoast.com\/product\/yoast-seo-premium-wordpress\/ -->\n<title>Privacy Policy - Midstream Lighting<\/title>\n<meta name=\"description\" content=\"pol\u00edtica de privacidad Midstream Lighting\" \/>\n<meta name=\"robots\" content=\"index, follow, max-snippet:-1, max-image-preview:large, max-video-preview:-1\" \/>\n<link rel=\"canonical\" href=\"https:\/\/www.midstreamlighting.com\/es\/privacy-policy\/\" \/>\n<meta property=\"og:locale\" content=\"es_ES\" \/>\n<meta property=\"og:type\" content=\"article\" \/>\n<meta property=\"og:title\" content=\"Privacy Policy\" \/>\n<meta property=\"og:description\" content=\"pol\u00edtica de privacidad Midstream Lighting\" \/>\n<meta property=\"og:url\" content=\"https:\/\/www.midstreamlighting.com\/es\/privacy-policy\/\" \/>\n<meta property=\"og:site_name\" content=\"Midstream Lighting\" \/>\n<meta property=\"article:publisher\" content=\"https:\/\/www.facebook.com\/Midstream\/\" \/>\n<meta property=\"og:image\" content=\"https:\/\/www.midstreamlighting.com\/wp-content\/uploads\/2022\/10\/Midstream-Lighting-scaled.jpg\" \/>\n\t<meta property=\"og:image:width\" content=\"2560\" \/>\n\t<meta property=\"og:image:height\" content=\"2560\" \/>\n\t<meta property=\"og:image:type\" content=\"image\/jpeg\" \/>\n<meta name=\"twitter:card\" content=\"summary_large_image\" \/>\n<meta name=\"twitter:site\" content=\"@MidstreamLED\" \/>\n<meta name=\"twitter:label1\" content=\"Tiempo de lectura\" \/>\n\t<meta name=\"twitter:data1\" content=\"2 minutos\" \/>\n<script type=\"application\/ld+json\" class=\"yoast-schema-graph\">{\"@context\":\"https:\\\/\\\/schema.org\",\"@graph\":[{\"@type\":\"WebPage\",\"@id\":\"https:\\\/\\\/www.midstreamlighting.com\\\/es\\\/privacy-policy\\\/\",\"url\":\"https:\\\/\\\/www.midstreamlighting.com\\\/es\\\/privacy-policy\\\/\",\"name\":\"Privacy Policy - Midstream Lighting\",\"isPartOf\":{\"@id\":\"https:\\\/\\\/www.midstreamlighting.com\\\/es\\\/#website\"},\"datePublished\":\"2020-10-15T11:46:01+00:00\",\"description\":\"pol\u00edtica de privacidad Midstream Lighting\",\"breadcrumb\":{\"@id\":\"https:\\\/\\\/www.midstreamlighting.com\\\/es\\\/privacy-policy\\\/#breadcrumb\"},\"inLanguage\":\"es\",\"potentialAction\":[{\"@type\":\"ReadAction\",\"target\":[\"https:\\\/\\\/www.midstreamlighting.com\\\/es\\\/privacy-policy\\\/\"]}]},{\"@type\":\"BreadcrumbList\",\"@id\":\"https:\\\/\\\/www.midstreamlighting.com\\\/es\\\/privacy-policy\\\/#breadcrumb\",\"itemListElement\":[{\"@type\":\"ListItem\",\"position\":1,\"name\":\"Home\",\"item\":\"https:\\\/\\\/www.midstreamlighting.com\\\/es\\\/\"},{\"@type\":\"ListItem\",\"position\":2,\"name\":\"Privacy Policy\"}]},{\"@type\":\"WebSite\",\"@id\":\"https:\\\/\\\/www.midstreamlighting.com\\\/es\\\/#website\",\"url\":\"https:\\\/\\\/www.midstreamlighting.com\\\/es\\\/\",\"name\":\"Midstream Lighting\",\"description\":\"\",\"publisher\":{\"@id\":\"https:\\\/\\\/www.midstreamlighting.com\\\/es\\\/#organization\"},\"potentialAction\":[{\"@type\":\"SearchAction\",\"target\":{\"@type\":\"EntryPoint\",\"urlTemplate\":\"https:\\\/\\\/www.midstreamlighting.com\\\/es\\\/?s={search_term_string}\"},\"query-input\":{\"@type\":\"PropertyValueSpecification\",\"valueRequired\":true,\"valueName\":\"search_term_string\"}}],\"inLanguage\":\"es\"},{\"@type\":\"Organization\",\"@id\":\"https:\\\/\\\/www.midstreamlighting.com\\\/es\\\/#organization\",\"name\":\"Midstream Lighting\",\"url\":\"https:\\\/\\\/www.midstreamlighting.com\\\/es\\\/\",\"logo\":{\"@type\":\"ImageObject\",\"inLanguage\":\"es\",\"@id\":\"https:\\\/\\\/www.midstreamlighting.com\\\/es\\\/#\\\/schema\\\/logo\\\/image\\\/\",\"url\":\"https:\\\/\\\/www.midstreamlighting.com\\\/wp-content\\\/uploads\\\/2020\\\/05\\\/Midstream_Lighting_Logo-scaled.jpg\",\"contentUrl\":\"https:\\\/\\\/www.midstreamlighting.com\\\/wp-content\\\/uploads\\\/2020\\\/05\\\/Midstream_Lighting_Logo-scaled.jpg\",\"width\":2560,\"height\":412,\"caption\":\"Midstream Lighting\"},\"image\":{\"@id\":\"https:\\\/\\\/www.midstreamlighting.com\\\/es\\\/#\\\/schema\\\/logo\\\/image\\\/\"},\"sameAs\":[\"https:\\\/\\\/www.facebook.com\\\/Midstream\\\/\",\"https:\\\/\\\/x.com\\\/MidstreamLED\",\"https:\\\/\\\/www.instagram.com\\\/midstreamlighting\\\/\",\"https:\\\/\\\/www.linkedin.com\\\/company\\\/midstream-lighting\"]}]}<\/script>\n<!-- \/ Yoast SEO Premium plugin. -->","yoast_head_json":{"title":"Privacy Policy - Midstream Lighting","description":"pol\u00edtica de privacidad Midstream Lighting","robots":{"index":"index","follow":"follow","max-snippet":"max-snippet:-1","max-image-preview":"max-image-preview:large","max-video-preview":"max-video-preview:-1"},"canonical":"https:\/\/www.midstreamlighting.com\/es\/privacy-policy\/","og_locale":"es_ES","og_type":"article","og_title":"Privacy Policy","og_description":"pol\u00edtica de privacidad Midstream Lighting","og_url":"https:\/\/www.midstreamlighting.com\/es\/privacy-policy\/","og_site_name":"Midstream Lighting","article_publisher":"https:\/\/www.facebook.com\/Midstream\/","og_image":[{"width":2560,"height":2560,"url":"https:\/\/www.midstreamlighting.com\/wp-content\/uploads\/2022\/10\/Midstream-Lighting-scaled.jpg","type":"image\/jpeg"}],"twitter_card":"summary_large_image","twitter_site":"@MidstreamLED","twitter_misc":{"Tiempo de lectura":"2 minutos"},"schema":{"@context":"https:\/\/schema.org","@graph":[{"@type":"WebPage","@id":"https:\/\/www.midstreamlighting.com\/es\/privacy-policy\/","url":"https:\/\/www.midstreamlighting.com\/es\/privacy-policy\/","name":"Privacy Policy - Midstream Lighting","isPartOf":{"@id":"https:\/\/www.midstreamlighting.com\/es\/#website"},"datePublished":"2020-10-15T11:46:01+00:00","description":"pol\u00edtica de privacidad Midstream Lighting","breadcrumb":{"@id":"https:\/\/www.midstreamlighting.com\/es\/privacy-policy\/#breadcrumb"},"inLanguage":"es","potentialAction":[{"@type":"ReadAction","target":["https:\/\/www.midstreamlighting.com\/es\/privacy-policy\/"]}]},{"@type":"BreadcrumbList","@id":"https:\/\/www.midstreamlighting.com\/es\/privacy-policy\/#breadcrumb","itemListElement":[{"@type":"ListItem","position":1,"name":"Home","item":"https:\/\/www.midstreamlighting.com\/es\/"},{"@type":"ListItem","position":2,"name":"Privacy Policy"}]},{"@type":"WebSite","@id":"https:\/\/www.midstreamlighting.com\/es\/#website","url":"https:\/\/www.midstreamlighting.com\/es\/","name":"Midstream Lighting","description":"","publisher":{"@id":"https:\/\/www.midstreamlighting.com\/es\/#organization"},"potentialAction":[{"@type":"SearchAction","target":{"@type":"EntryPoint","urlTemplate":"https:\/\/www.midstreamlighting.com\/es\/?s={search_term_string}"},"query-input":{"@type":"PropertyValueSpecification","valueRequired":true,"valueName":"search_term_string"}}],"inLanguage":"es"},{"@type":"Organization","@id":"https:\/\/www.midstreamlighting.com\/es\/#organization","name":"Midstream Lighting","url":"https:\/\/www.midstreamlighting.com\/es\/","logo":{"@type":"ImageObject","inLanguage":"es","@id":"https:\/\/www.midstreamlighting.com\/es\/#\/schema\/logo\/image\/","url":"https:\/\/www.midstreamlighting.com\/wp-content\/uploads\/2020\/05\/Midstream_Lighting_Logo-scaled.jpg","contentUrl":"https:\/\/www.midstreamlighting.com\/wp-content\/uploads\/2020\/05\/Midstream_Lighting_Logo-scaled.jpg","width":2560,"height":412,"caption":"Midstream Lighting"},"image":{"@id":"https:\/\/www.midstreamlighting.com\/es\/#\/schema\/logo\/image\/"},"sameAs":["https:\/\/www.facebook.com\/Midstream\/","https:\/\/x.com\/MidstreamLED","https:\/\/www.instagram.com\/midstreamlighting\/","https:\/\/www.linkedin.com\/company\/midstream-lighting"]}]}},"_links":{"self":[{"href":"https:\/\/www.midstreamlighting.com\/es\/wp-json\/wp\/v2\/pages\/5850","targetHints":{"allow":["GET"]}}],"collection":[{"href":"https:\/\/www.midstreamlighting.com\/es\/wp-json\/wp\/v2\/pages"}],"about":[{"href":"https:\/\/www.midstreamlighting.com\/es\/wp-json\/wp\/v2\/types\/page"}],"author":[{"embeddable":true,"href":"https:\/\/www.midstreamlighting.com\/es\/wp-json\/wp\/v2\/users\/5"}],"replies":[{"embeddable":true,"href":"https:\/\/www.midstreamlighting.com\/es\/wp-json\/wp\/v2\/comments?post=5850"}],"version-history":[{"count":0,"href":"https:\/\/www.midstreamlighting.com\/es\/wp-json\/wp\/v2\/pages\/5850\/revisions"}],"wp:attachment":[{"href":"https:\/\/www.midstreamlighting.com\/es\/wp-json\/wp\/v2\/media?parent=5850"}],"curies":[{"name":"wp","href":"https:\/\/api.w.org\/{rel}","templated":true}]}}