{"id":7939,"date":"2020-12-11T13:59:19","date_gmt":"2020-12-11T13:59:19","guid":{"rendered":"http:\/\/www.midstreamlighting.com\/evaluacion-de-iluminacion-gratuita"},"modified":"2020-12-11T13:59:19","modified_gmt":"2020-12-11T13:59:19","slug":"evaluacion-de-iluminacion-gratuita","status":"publish","type":"page","link":"https:\/\/www.midstreamlighting.com\/es\/evaluacion-de-iluminacion-gratuita\/","title":{"rendered":"Evaluaci\u00f3n de iluminaci\u00f3n gratuita"},"content":{"rendered":"<p>[vc_row full_width=\u00bbstretch_row_content\u00bb css=\u00bb.vc_custom_1607679022733{background-image: url(https:\/\/www.midstreamlighting.com\/wp-content\/uploads\/2020\/12\/0H8A7754.jpg?id=7883) !important;}\u00bb el_class=\u00bbinner_hero-banner contact-us-banner\u00bb][vc_column el_class=\u00bbcontainer\u00bb][vc_row_inner el_class=\u00bbinner_hero_wrap\u00bb][vc_column_inner][vc_custom_heading text=\u00bbReserve su evaluaci\u00f3n de iluminaci\u00f3n gratuita\u00bb font_container=\u00bbtag:h3|text_align:left\u00bb use_theme_fonts=\u00bbyes\u00bb][vc_column_text]<\/p>\n<h4><strong>Para hablar acerca de sus necesidades de iluminaci\u00f3n, rellene el siguiente formulario y nos pondremos en contacto con usted lo antes posible.<\/strong><\/h4>\n<p>[\/vc_column_text][\/vc_column_inner][\/vc_row_inner][\/vc_column][\/vc_row][vc_row full_width=\u00bbstretch_row_content\u00bb el_class=\u00bbmain-form\u00bb css=\u00bb.vc_custom_1604504736331{background-color: #f2f2f2 !important;}\u00bb][vc_column el_class=\u00bbcontainer\u00bb][vc_row_inner el_class=\u00bbtitle-padding\u00bb][vc_column_inner el_class=\u00bbtitle\u00bb][vc_empty_space][vc_column_text]Todos los campos marcados con un asterisco (*) son obligatorios.[\/vc_column_text][\/vc_column_inner][\/vc_row_inner][vc_row_inner el_class=\u00bbmain_form_wrap\u00bb][vc_column_inner][vc_raw_html]PCEtLVtpZiBsdGUgSUUgOF0+CjxzY3JpcHQgY2hhcnNldD0idXRmLTgiIHR5cGU9InRleHQvamF2YXNjcmlwdCIgc3JjPSIvL2pzLmhzZm9ybXMubmV0L2Zvcm1zL3YyLWxlZ2FjeS5qcyI+PC9zY3JpcHQ+CjwhW2VuZGlmXS0tPgo8c2NyaXB0IGNoYXJzZXQ9InV0Zi04IiB0eXBlPSJ0ZXh0L2phdmFzY3JpcHQiIHNyYz0iLy9qcy5oc2Zvcm1zLm5ldC9mb3Jtcy92Mi5qcyI+PC9zY3JpcHQ+CjxzY3JpcHQ+CiAgaGJzcHQuZm9ybXMuY3JlYXRlKHsKCXBvcnRhbElkOiAiNDYyOTAwOSIsCglmb3JtSWQ6ICI2NjExN2RmNy0yOWMwLTRkNTYtYTZmNC0zYzE4NDM2OGJjZDkiCn0pOwo8L3NjcmlwdD4=[\/vc_raw_html][\/vc_column_inner][\/vc_row_inner][\/vc_column][\/vc_row][vc_row full_width=\u00bbstretch_row_content\u00bb el_class=\u00bbcontact-info\u00bb][vc_column width=\u00bb2\/3&#8243; el_class=\u00bbcontainer\u00bb][vc_empty_space height=\u00bb10px\u00bb][\/vc_column][vc_column width=\u00bb1\/3&#8243;][\/vc_column][\/vc_row][vc_row full_width=\u00bbstretch_row_content\u00bb disable_element=\u00bbyes\u00bb el_class=\u00bbcontact-info\u00bb][vc_column width=\u00bb2\/3&#8243; el_class=\u00bbcontainer\u00bb][vc_single_image image=\u00bb4003&#8243; img_size=\u00bbfull\u00bb][vc_empty_space height=\u00bb20px\u00bb][vc_column_text]<strong>\u00abPaz mental\u00bb financiera:<\/strong> Queremos ofrecerle tranquilidad en lo que se refiere a la soluci\u00f3n de su iluminaci\u00f3n; adem\u00e1s, estamos dispuestos a ayudarle desde el punto de vista financiero. Midstream Lighting puede proporcionarle una soluci\u00f3n de iluminaci\u00f3n con un plan financiero que se adapte a usted, ya sea complementando una subvenci\u00f3n o un plan financiero completo. El Plan de pago mensual de Midstream Lighting le permitir\u00e1 obtener la mejor soluci\u00f3n con un incre\u00edble plan de servicio anual y una garant\u00eda extendida de 10 a\u00f1os para su iluminaci\u00f3n.<\/p>\n<p>Nuestro paquete de iluminaci\u00f3n incluye:<\/p>\n<ul>\n<li>Encuesta gratuita sobre iluminaci\u00f3n in situ o virtual y presupuesto a medida, sin compromiso.<\/li>\n<li>Dise\u00f1o de iluminaci\u00f3n gratuito que incluye la revisi\u00f3n de su infraestructura actual, permisos de planificaci\u00f3n y requisitos del espacio o lugar.<\/li>\n<li>Midstream es el mejor de la industria: hecho en el Reino Unido<\/li>\n<li>Gesti\u00f3n del proyecto de principio a fin<\/li>\n<li>Programa de servicio y mantenimiento anual<\/li>\n<li>Garant\u00eda extendida de 10 a\u00f1os<\/li>\n<li>Planes financieros de 3 a 5 a\u00f1os <\/li>\n<\/ul>\n<p>[\/vc_column_text][\/vc_column][vc_column width=\u00bb1\/3&#8243;][\/vc_column][\/vc_row]<\/p>\n","protected":false},"excerpt":{"rendered":"<p>[vc_row full_width=\u00bbstretch_row_content\u00bb css=\u00bb.vc_custom_1607679022733{background-image: url(https:\/\/www.midstreamlighting.com\/wp-content\/uploads\/2020\/12\/0H8A7754.jpg?id=7883) !important;}\u00bb el_class=\u00bbinner_hero-banner contact-us-banner\u00bb][vc_column el_class=\u00bbcontainer\u00bb][vc_row_inner el_class=\u00bbinner_hero_wrap\u00bb][vc_column_inner][vc_custom_heading text=\u00bbReserve su evaluaci\u00f3n de iluminaci\u00f3n gratuita\u00bb font_container=\u00bbtag:h3|text_align:left\u00bb use_theme_fonts=\u00bbyes\u00bb][vc_column_text] Para hablar acerca de sus necesidades de iluminaci\u00f3n, rellene el siguiente formulario y nos pondremos en contacto con usted lo antes posible. [\/vc_column_text][\/vc_column_inner][\/vc_row_inner][\/vc_column][\/vc_row][vc_row full_width=\u00bbstretch_row_content\u00bb el_class=\u00bbmain-form\u00bb css=\u00bb.vc_custom_1604504736331{background-color: #f2f2f2 !important;}\u00bb][vc_column el_class=\u00bbcontainer\u00bb][vc_row_inner el_class=\u00bbtitle-padding\u00bb][vc_column_inner el_class=\u00bbtitle\u00bb][vc_empty_space][vc_column_text]Todos los campos marcados con un asterisco (*) [&hellip;]<\/p>\n","protected":false},"author":5,"featured_media":0,"parent":0,"menu_order":0,"comment_status":"closed","ping_status":"closed","template":"","meta":{"_acf_changed":false,"footnotes":""},"class_list":["post-7939","page","type-page","status-publish","hentry"],"acf":[],"yoast_head":"<!-- This site is optimized with the Yoast SEO Premium plugin v27.5 (Yoast SEO v27.5) - https:\/\/yoast.com\/product\/yoast-seo-premium-wordpress\/ -->\n<title>Evaluaci\u00f3n de iluminaci\u00f3n gratuita - Midstream Lighting<\/title>\n<meta name=\"description\" content=\"Obtenga una evaluaci\u00f3n de iluminaci\u00f3n GRATUITA para descubrir c\u00f3mo y d\u00f3nde se pueden hacer mejoras.\" \/>\n<meta name=\"robots\" content=\"index, follow, max-snippet:-1, max-image-preview:large, max-video-preview:-1\" \/>\n<link rel=\"canonical\" href=\"https:\/\/www.midstreamlighting.com\/es\/evaluacion-de-iluminacion-gratuita\/\" \/>\n<meta property=\"og:locale\" content=\"es_ES\" \/>\n<meta property=\"og:type\" content=\"article\" \/>\n<meta property=\"og:title\" content=\"Evaluaci\u00f3n de iluminaci\u00f3n gratuita\" \/>\n<meta property=\"og:description\" content=\"Obtenga una evaluaci\u00f3n de iluminaci\u00f3n GRATUITA para descubrir c\u00f3mo y d\u00f3nde se pueden hacer mejoras.\" \/>\n<meta property=\"og:url\" content=\"https:\/\/www.midstreamlighting.com\/es\/evaluacion-de-iluminacion-gratuita\/\" \/>\n<meta property=\"og:site_name\" content=\"Midstream Lighting\" \/>\n<meta property=\"article:publisher\" content=\"https:\/\/www.facebook.com\/Midstream\/\" \/>\n<meta property=\"og:image\" content=\"https:\/\/www.midstreamlighting.com\/wp-content\/uploads\/2020\/03\/shutterstock_101806765_scaled_v0.1.jpg\" \/>\n<meta name=\"twitter:card\" content=\"summary_large_image\" \/>\n<meta name=\"twitter:image\" content=\"https:\/\/www.midstreamlighting.com\/wp-content\/uploads\/2020\/03\/shutterstock_101806765_scaled_v0.1.jpg\" \/>\n<meta name=\"twitter:site\" content=\"@MidstreamLED\" \/>\n<meta name=\"twitter:label1\" content=\"Tiempo de lectura\" \/>\n\t<meta name=\"twitter:data1\" content=\"3 minutos\" \/>\n<script type=\"application\/ld+json\" class=\"yoast-schema-graph\">{\"@context\":\"https:\\\/\\\/schema.org\",\"@graph\":[{\"@type\":\"WebPage\",\"@id\":\"https:\\\/\\\/www.midstreamlighting.com\\\/es\\\/evaluacion-de-iluminacion-gratuita\\\/\",\"url\":\"https:\\\/\\\/www.midstreamlighting.com\\\/es\\\/evaluacion-de-iluminacion-gratuita\\\/\",\"name\":\"Evaluaci\u00f3n de iluminaci\u00f3n gratuita - Midstream Lighting\",\"isPartOf\":{\"@id\":\"https:\\\/\\\/www.midstreamlighting.com\\\/es\\\/#website\"},\"datePublished\":\"2020-12-11T13:59:19+00:00\",\"description\":\"Obtenga una evaluaci\u00f3n de iluminaci\u00f3n GRATUITA para descubrir c\u00f3mo y d\u00f3nde se pueden hacer mejoras.\",\"breadcrumb\":{\"@id\":\"https:\\\/\\\/www.midstreamlighting.com\\\/es\\\/evaluacion-de-iluminacion-gratuita\\\/#breadcrumb\"},\"inLanguage\":\"es\",\"potentialAction\":[{\"@type\":\"ReadAction\",\"target\":[\"https:\\\/\\\/www.midstreamlighting.com\\\/es\\\/evaluacion-de-iluminacion-gratuita\\\/\"]}]},{\"@type\":\"BreadcrumbList\",\"@id\":\"https:\\\/\\\/www.midstreamlighting.com\\\/es\\\/evaluacion-de-iluminacion-gratuita\\\/#breadcrumb\",\"itemListElement\":[{\"@type\":\"ListItem\",\"position\":1,\"name\":\"Home\",\"item\":\"https:\\\/\\\/www.midstreamlighting.com\\\/es\\\/\"},{\"@type\":\"ListItem\",\"position\":2,\"name\":\"Evaluaci\u00f3n de iluminaci\u00f3n gratuita\"}]},{\"@type\":\"WebSite\",\"@id\":\"https:\\\/\\\/www.midstreamlighting.com\\\/es\\\/#website\",\"url\":\"https:\\\/\\\/www.midstreamlighting.com\\\/es\\\/\",\"name\":\"Midstream Lighting\",\"description\":\"\",\"publisher\":{\"@id\":\"https:\\\/\\\/www.midstreamlighting.com\\\/es\\\/#organization\"},\"potentialAction\":[{\"@type\":\"SearchAction\",\"target\":{\"@type\":\"EntryPoint\",\"urlTemplate\":\"https:\\\/\\\/www.midstreamlighting.com\\\/es\\\/?s={search_term_string}\"},\"query-input\":{\"@type\":\"PropertyValueSpecification\",\"valueRequired\":true,\"valueName\":\"search_term_string\"}}],\"inLanguage\":\"es\"},{\"@type\":\"Organization\",\"@id\":\"https:\\\/\\\/www.midstreamlighting.com\\\/es\\\/#organization\",\"name\":\"Midstream Lighting\",\"url\":\"https:\\\/\\\/www.midstreamlighting.com\\\/es\\\/\",\"logo\":{\"@type\":\"ImageObject\",\"inLanguage\":\"es\",\"@id\":\"https:\\\/\\\/www.midstreamlighting.com\\\/es\\\/#\\\/schema\\\/logo\\\/image\\\/\",\"url\":\"https:\\\/\\\/www.midstreamlighting.com\\\/wp-content\\\/uploads\\\/2020\\\/05\\\/Midstream_Lighting_Logo-scaled.jpg\",\"contentUrl\":\"https:\\\/\\\/www.midstreamlighting.com\\\/wp-content\\\/uploads\\\/2020\\\/05\\\/Midstream_Lighting_Logo-scaled.jpg\",\"width\":2560,\"height\":412,\"caption\":\"Midstream Lighting\"},\"image\":{\"@id\":\"https:\\\/\\\/www.midstreamlighting.com\\\/es\\\/#\\\/schema\\\/logo\\\/image\\\/\"},\"sameAs\":[\"https:\\\/\\\/www.facebook.com\\\/Midstream\\\/\",\"https:\\\/\\\/x.com\\\/MidstreamLED\",\"https:\\\/\\\/www.instagram.com\\\/midstreamlighting\\\/\",\"https:\\\/\\\/www.linkedin.com\\\/company\\\/midstream-lighting\"]}]}<\/script>\n<!-- \/ Yoast SEO Premium plugin. -->","yoast_head_json":{"title":"Evaluaci\u00f3n de iluminaci\u00f3n gratuita - Midstream Lighting","description":"Obtenga una evaluaci\u00f3n de iluminaci\u00f3n GRATUITA para descubrir c\u00f3mo y d\u00f3nde se pueden hacer mejoras.","robots":{"index":"index","follow":"follow","max-snippet":"max-snippet:-1","max-image-preview":"max-image-preview:large","max-video-preview":"max-video-preview:-1"},"canonical":"https:\/\/www.midstreamlighting.com\/es\/evaluacion-de-iluminacion-gratuita\/","og_locale":"es_ES","og_type":"article","og_title":"Evaluaci\u00f3n de iluminaci\u00f3n gratuita","og_description":"Obtenga una evaluaci\u00f3n de iluminaci\u00f3n GRATUITA para descubrir c\u00f3mo y d\u00f3nde se pueden hacer mejoras.","og_url":"https:\/\/www.midstreamlighting.com\/es\/evaluacion-de-iluminacion-gratuita\/","og_site_name":"Midstream Lighting","article_publisher":"https:\/\/www.facebook.com\/Midstream\/","og_image":[{"url":"https:\/\/www.midstreamlighting.com\/wp-content\/uploads\/2020\/03\/shutterstock_101806765_scaled_v0.1.jpg","type":"","width":"","height":""}],"twitter_card":"summary_large_image","twitter_image":"https:\/\/www.midstreamlighting.com\/wp-content\/uploads\/2020\/03\/shutterstock_101806765_scaled_v0.1.jpg","twitter_site":"@MidstreamLED","twitter_misc":{"Tiempo de lectura":"3 minutos"},"schema":{"@context":"https:\/\/schema.org","@graph":[{"@type":"WebPage","@id":"https:\/\/www.midstreamlighting.com\/es\/evaluacion-de-iluminacion-gratuita\/","url":"https:\/\/www.midstreamlighting.com\/es\/evaluacion-de-iluminacion-gratuita\/","name":"Evaluaci\u00f3n de iluminaci\u00f3n gratuita - Midstream Lighting","isPartOf":{"@id":"https:\/\/www.midstreamlighting.com\/es\/#website"},"datePublished":"2020-12-11T13:59:19+00:00","description":"Obtenga una evaluaci\u00f3n de iluminaci\u00f3n GRATUITA para descubrir c\u00f3mo y d\u00f3nde se pueden hacer mejoras.","breadcrumb":{"@id":"https:\/\/www.midstreamlighting.com\/es\/evaluacion-de-iluminacion-gratuita\/#breadcrumb"},"inLanguage":"es","potentialAction":[{"@type":"ReadAction","target":["https:\/\/www.midstreamlighting.com\/es\/evaluacion-de-iluminacion-gratuita\/"]}]},{"@type":"BreadcrumbList","@id":"https:\/\/www.midstreamlighting.com\/es\/evaluacion-de-iluminacion-gratuita\/#breadcrumb","itemListElement":[{"@type":"ListItem","position":1,"name":"Home","item":"https:\/\/www.midstreamlighting.com\/es\/"},{"@type":"ListItem","position":2,"name":"Evaluaci\u00f3n de iluminaci\u00f3n gratuita"}]},{"@type":"WebSite","@id":"https:\/\/www.midstreamlighting.com\/es\/#website","url":"https:\/\/www.midstreamlighting.com\/es\/","name":"Midstream Lighting","description":"","publisher":{"@id":"https:\/\/www.midstreamlighting.com\/es\/#organization"},"potentialAction":[{"@type":"SearchAction","target":{"@type":"EntryPoint","urlTemplate":"https:\/\/www.midstreamlighting.com\/es\/?s={search_term_string}"},"query-input":{"@type":"PropertyValueSpecification","valueRequired":true,"valueName":"search_term_string"}}],"inLanguage":"es"},{"@type":"Organization","@id":"https:\/\/www.midstreamlighting.com\/es\/#organization","name":"Midstream Lighting","url":"https:\/\/www.midstreamlighting.com\/es\/","logo":{"@type":"ImageObject","inLanguage":"es","@id":"https:\/\/www.midstreamlighting.com\/es\/#\/schema\/logo\/image\/","url":"https:\/\/www.midstreamlighting.com\/wp-content\/uploads\/2020\/05\/Midstream_Lighting_Logo-scaled.jpg","contentUrl":"https:\/\/www.midstreamlighting.com\/wp-content\/uploads\/2020\/05\/Midstream_Lighting_Logo-scaled.jpg","width":2560,"height":412,"caption":"Midstream Lighting"},"image":{"@id":"https:\/\/www.midstreamlighting.com\/es\/#\/schema\/logo\/image\/"},"sameAs":["https:\/\/www.facebook.com\/Midstream\/","https:\/\/x.com\/MidstreamLED","https:\/\/www.instagram.com\/midstreamlighting\/","https:\/\/www.linkedin.com\/company\/midstream-lighting"]}]}},"_links":{"self":[{"href":"https:\/\/www.midstreamlighting.com\/es\/wp-json\/wp\/v2\/pages\/7939","targetHints":{"allow":["GET"]}}],"collection":[{"href":"https:\/\/www.midstreamlighting.com\/es\/wp-json\/wp\/v2\/pages"}],"about":[{"href":"https:\/\/www.midstreamlighting.com\/es\/wp-json\/wp\/v2\/types\/page"}],"author":[{"embeddable":true,"href":"https:\/\/www.midstreamlighting.com\/es\/wp-json\/wp\/v2\/users\/5"}],"replies":[{"embeddable":true,"href":"https:\/\/www.midstreamlighting.com\/es\/wp-json\/wp\/v2\/comments?post=7939"}],"version-history":[{"count":0,"href":"https:\/\/www.midstreamlighting.com\/es\/wp-json\/wp\/v2\/pages\/7939\/revisions"}],"wp:attachment":[{"href":"https:\/\/www.midstreamlighting.com\/es\/wp-json\/wp\/v2\/media?parent=7939"}],"curies":[{"name":"wp","href":"https:\/\/api.w.org\/{rel}","templated":true}]}}